{"id":1216,"date":"2026-03-13T20:10:27","date_gmt":"2026-03-13T19:10:27","guid":{"rendered":"https:\/\/laraume-conseils.com\/?page_id=1216"},"modified":"2026-03-13T20:21:48","modified_gmt":"2026-03-13T19:21:48","slug":"pilotage-financier","status":"publish","type":"page","link":"https:\/\/laraume-conseils.com\/index.php\/pilotage-financier\/","title":{"rendered":"Pilotage Financier"},"content":{"rendered":"\t\t<div data-elementor-type=\"wp-page\" data-elementor-id=\"1216\" class=\"elementor elementor-1216\">\n\t\t\t\t\t\t<section class=\"elementor-section elementor-top-section elementor-element elementor-element-11bf8418 elementor-section-content-middle elementor-section-boxed elementor-section-height-default elementor-section-height-default\" data-id=\"11bf8418\" data-element_type=\"section\" data-settings=\"{&quot;background_background&quot;:&quot;classic&quot;}\">\n\t\t\t\t\t\t\t<div class=\"elementor-background-overlay\"><\/div>\n\t\t\t\t\t\t\t<div class=\"elementor-container elementor-column-gap-no\">\n\t\t\t\t\t<div class=\"elementor-column elementor-col-100 elementor-top-column elementor-element elementor-element-46f76784\" data-id=\"46f76784\" data-element_type=\"column\">\n\t\t\t<div class=\"elementor-widget-wrap elementor-element-populated\">\n\t\t\t\t\t\t<div class=\"elementor-element elementor-element-60d3877b elementor-invisible elementor-widget elementor-widget-heading\" data-id=\"60d3877b\" data-element_type=\"widget\" data-settings=\"{&quot;_animation&quot;:&quot;fadeInRight&quot;}\" data-widget_type=\"heading.default\">\n\t\t\t\t<div class=\"elementor-widget-container\">\n\t\t\t\t\t<h4 class=\"elementor-heading-title elementor-size-default\">Pilotage Financier<\/h4>\t\t\t\t<\/div>\n\t\t\t\t<\/div>\n\t\t\t\t<div class=\"elementor-element elementor-element-637ed600 elementor-invisible elementor-widget elementor-widget-heading\" data-id=\"637ed600\" data-element_type=\"widget\" data-settings=\"{&quot;_animation&quot;:&quot;fadeIn&quot;}\" data-widget_type=\"heading.default\">\n\t\t\t\t<div class=\"elementor-widget-container\">\n\t\t\t\t\t<h5 class=\"elementor-heading-title elementor-size-default\">Pilotez votre entreprise avec des indicateurs clairs<\/h5>\t\t\t\t<\/div>\n\t\t\t\t<\/div>\n\t\t\t\t\t<\/div>\n\t\t<\/div>\n\t\t\t\t\t<\/div>\n\t\t<\/section>\n\t\t\t\t<section class=\"elementor-section elementor-top-section elementor-element elementor-element-bbd6e56 elementor-section-content-middle elementor-section-boxed elementor-section-height-default elementor-section-height-default\" data-id=\"bbd6e56\" data-element_type=\"section\" data-settings=\"{&quot;background_background&quot;:&quot;gradient&quot;}\">\n\t\t\t\t\t\t<div class=\"elementor-container elementor-column-gap-no\">\n\t\t\t\t\t<div class=\"elementor-column elementor-col-100 elementor-top-column elementor-element elementor-element-38d5291f\" data-id=\"38d5291f\" data-element_type=\"column\">\n\t\t\t<div class=\"elementor-widget-wrap elementor-element-populated\">\n\t\t\t\t\t\t<div class=\"elementor-element elementor-element-473945d1 elementor-invisible elementor-widget elementor-widget-heading\" data-id=\"473945d1\" data-element_type=\"widget\" data-settings=\"{&quot;_animation&quot;:&quot;zoomIn&quot;}\" data-widget_type=\"heading.default\">\n\t\t\t\t<div class=\"elementor-widget-container\">\n\t\t\t\t\t<h4 class=\"elementor-heading-title elementor-size-default\">Ne naviguez plus \u00e0 vue.<\/h4>\t\t\t\t<\/div>\n\t\t\t\t<\/div>\n\t\t\t\t<div class=\"elementor-element elementor-element-35b18ac4 elementor-invisible elementor-widget elementor-widget-text-editor\" data-id=\"35b18ac4\" data-element_type=\"widget\" data-settings=\"{&quot;_animation&quot;:&quot;fadeIn&quot;}\" data-widget_type=\"text-editor.default\">\n\t\t\t\t<div class=\"elementor-widget-container\">\n\t\t\t\t\t\t\t\t\t<p>Transformez vos donn\u00e9es comptables en tableaux de bord visuels et prenez des d\u00e9cisions \u00e9clair\u00e9es.<\/p>\t\t\t\t\t\t\t\t<\/div>\n\t\t\t\t<\/div>\n\t\t\t\t<section class=\"elementor-section elementor-inner-section elementor-element elementor-element-4a3f592f elementor-section-content-middle elementor-section-boxed elementor-section-height-default elementor-section-height-default\" data-id=\"4a3f592f\" data-element_type=\"section\">\n\t\t\t\t\t\t<div class=\"elementor-container elementor-column-gap-no\">\n\t\t\t\t\t<div class=\"elementor-column elementor-col-100 elementor-inner-column elementor-element elementor-element-d398922\" data-id=\"d398922\" data-element_type=\"column\">\n\t\t\t<div class=\"elementor-widget-wrap elementor-element-populated\">\n\t\t\t\t\t\t<div class=\"elementor-element elementor-element-58d951 elementor-align-center elementor-widget elementor-widget-button\" data-id=\"58d951\" data-element_type=\"widget\" data-widget_type=\"button.default\">\n\t\t\t\t<div class=\"elementor-widget-container\">\n\t\t\t\t\t\t\t\t\t<div class=\"elementor-button-wrapper\">\n\t\t\t\t\t<a class=\"elementor-button elementor-button-link elementor-size-sm elementor-animation-grow\" href=\"https:\/\/laraume-conseils.com\/index.php\/devis\/\">\n\t\t\t\t\t\t<span class=\"elementor-button-content-wrapper\">\n\t\t\t\t\t\t\t\t\t<span class=\"elementor-button-text\">Nous contacter<\/span>\n\t\t\t\t\t<\/span>\n\t\t\t\t\t<\/a>\n\t\t\t\t<\/div>\n\t\t\t\t\t\t\t\t<\/div>\n\t\t\t\t<\/div>\n\t\t\t\t\t<\/div>\n\t\t<\/div>\n\t\t\t\t\t<\/div>\n\t\t<\/section>\n\t\t\t\t\t<\/div>\n\t\t<\/div>\n\t\t\t\t\t<\/div>\n\t\t<\/section>\n\t\t\t\t<section class=\"elementor-section elementor-top-section elementor-element elementor-element-236096a4 elementor-section-content-middle elementor-section-boxed elementor-section-height-default elementor-section-height-default\" data-id=\"236096a4\" data-element_type=\"section\" data-settings=\"{&quot;background_background&quot;:&quot;gradient&quot;}\">\n\t\t\t\t\t\t<div class=\"elementor-container elementor-column-gap-no\">\n\t\t\t\t\t<div class=\"elementor-column elementor-col-50 elementor-top-column elementor-element elementor-element-1732a653\" data-id=\"1732a653\" data-element_type=\"column\">\n\t\t\t<div class=\"elementor-widget-wrap elementor-element-populated\">\n\t\t\t\t\t\t<div class=\"elementor-element elementor-element-3327d670 elementor-widget-divider--view-line elementor-invisible elementor-widget elementor-widget-divider\" data-id=\"3327d670\" data-element_type=\"widget\" data-settings=\"{&quot;_animation&quot;:&quot;fadeInLeft&quot;}\" data-widget_type=\"divider.default\">\n\t\t\t\t<div class=\"elementor-widget-container\">\n\t\t\t\t\t\t\t<div class=\"elementor-divider\">\n\t\t\t<span class=\"elementor-divider-separator\">\n\t\t\t\t\t\t<\/span>\n\t\t<\/div>\n\t\t\t\t\t\t<\/div>\n\t\t\t\t<\/div>\n\t\t\t\t<div class=\"elementor-element elementor-element-42164be0 elementor-invisible elementor-widget elementor-widget-heading\" data-id=\"42164be0\" data-element_type=\"widget\" data-settings=\"{&quot;_animation&quot;:&quot;fadeInLeft&quot;}\" data-widget_type=\"heading.default\">\n\t\t\t\t<div class=\"elementor-widget-container\">\n\t\t\t\t\t<h4 class=\"elementor-heading-title elementor-size-default\">pilotage financier<\/h4>\t\t\t\t<\/div>\n\t\t\t\t<\/div>\n\t\t\t\t<div class=\"elementor-element elementor-element-9b4ead5 elementor-invisible elementor-widget elementor-widget-image\" data-id=\"9b4ead5\" data-element_type=\"widget\" data-settings=\"{&quot;_animation&quot;:&quot;fadeInLeft&quot;}\" data-widget_type=\"image.default\">\n\t\t\t\t<div class=\"elementor-widget-container\">\n\t\t\t\t\t\t\t\t\t\t\t\t\t\t\t<img fetchpriority=\"high\" decoding=\"async\" width=\"1024\" height=\"1024\" src=\"https:\/\/laraume-conseils.com\/wp-content\/uploads\/2026\/03\/Missions-site-LC-pilotage.png\" class=\"attachment-large size-large wp-image-1222\" alt=\"\" srcset=\"https:\/\/laraume-conseils.com\/wp-content\/uploads\/2026\/03\/Missions-site-LC-pilotage.png 1024w, https:\/\/laraume-conseils.com\/wp-content\/uploads\/2026\/03\/Missions-site-LC-pilotage-300x300.png 300w, https:\/\/laraume-conseils.com\/wp-content\/uploads\/2026\/03\/Missions-site-LC-pilotage-150x150.png 150w, https:\/\/laraume-conseils.com\/wp-content\/uploads\/2026\/03\/Missions-site-LC-pilotage-768x768.png 768w\" sizes=\"(max-width: 1024px) 100vw, 1024px\" \/>\t\t\t\t\t\t\t\t\t\t\t\t\t\t\t<\/div>\n\t\t\t\t<\/div>\n\t\t\t\t\t<\/div>\n\t\t<\/div>\n\t\t\t\t<div class=\"elementor-column elementor-col-50 elementor-top-column elementor-element elementor-element-47c275b2\" data-id=\"47c275b2\" data-element_type=\"column\">\n\t\t\t<div class=\"elementor-widget-wrap elementor-element-populated\">\n\t\t\t\t\t\t<div class=\"elementor-element elementor-element-205f9788 elementor-invisible elementor-widget elementor-widget-text-editor\" data-id=\"205f9788\" data-element_type=\"widget\" data-settings=\"{&quot;_animation&quot;:&quot;fadeIn&quot;}\" data-widget_type=\"text-editor.default\">\n\t\t\t\t<div class=\"elementor-widget-container\">\n\t\t\t\t\t\t\t\t\t<ul><li>Tableaux de bord interactifs : Visualisez vos indicateurs cl\u00e9s (CA, marges, tr\u00e9sorerie) en un coup d&rsquo;\u0153il.<\/li><li>Suivi de tr\u00e9sorerie : Anticipez vos encaissements et d\u00e9caissements pour \u00e9viter les mauvaises surprises.<\/li><li>Analyse de rentabilit\u00e9 : Identifiez vos produits ou services les plus rentables.<\/li><li><span style=\"font-size: 16px; -webkit-text-size-adjust: 100%;\">Reporting r\u00e9gulier : Un point avec votre expert pour analyser les chiffres et ajuster votre strat\u00e9gie.<\/span><\/li><li style=\"list-style-type: none;\">\u00a0<\/li><\/ul>\t\t\t\t\t\t\t\t<\/div>\n\t\t\t\t<\/div>\n\t\t\t\t<div class=\"elementor-element elementor-element-6b0935b elementor-invisible elementor-widget elementor-widget-text-editor\" data-id=\"6b0935b\" data-element_type=\"widget\" data-settings=\"{&quot;_animation&quot;:&quot;fadeInUp&quot;}\" data-widget_type=\"text-editor.default\">\n\t\t\t\t<div class=\"elementor-widget-container\">\n\t\t\t\t\t\t\t\t\t<div><p class=\"p1\"><span class=\"s1\">Nous prenons en charge l\u2019ensemble de vos obligations comptables et fiscales afin de vous garantir une gestion fiable et conforme \u00e0 la r\u00e9glementation. Notre \u00e9quipe vous accompagne au quotidien pour s\u00e9curiser votre activit\u00e9, analyser vos r\u00e9sultats et vous apporter des conseils adapt\u00e9s au d\u00e9veloppement de votre entreprise.<\/span><\/p><\/div><div>\u00a0<\/div>\t\t\t\t\t\t\t\t<\/div>\n\t\t\t\t<\/div>\n\t\t\t\t\t<\/div>\n\t\t<\/div>\n\t\t\t\t\t<\/div>\n\t\t<\/section>\n\t\t\t\t<section class=\"elementor-section elementor-top-section elementor-element elementor-element-4769d47f elementor-section-content-middle elementor-section-boxed elementor-section-height-default elementor-section-height-default\" data-id=\"4769d47f\" data-element_type=\"section\" data-settings=\"{&quot;background_background&quot;:&quot;gradient&quot;}\">\n\t\t\t\t\t\t<div class=\"elementor-container elementor-column-gap-no\">\n\t\t\t\t\t<div class=\"elementor-column elementor-col-100 elementor-top-column elementor-element elementor-element-656887ff\" data-id=\"656887ff\" data-element_type=\"column\">\n\t\t\t<div class=\"elementor-widget-wrap elementor-element-populated\">\n\t\t\t\t\t\t<div class=\"elementor-element elementor-element-3845b6a0 elementor-invisible elementor-widget elementor-widget-heading\" data-id=\"3845b6a0\" data-element_type=\"widget\" data-settings=\"{&quot;_animation&quot;:&quot;zoomIn&quot;}\" data-widget_type=\"heading.default\">\n\t\t\t\t<div class=\"elementor-widget-container\">\n\t\t\t\t\t<h4 class=\"elementor-heading-title elementor-size-default\">N'attendez pas le bilan de fin d'ann\u00e9e pour conna\u00eetre la sant\u00e9 de votre entreprise<\/h4>\t\t\t\t<\/div>\n\t\t\t\t<\/div>\n\t\t\t\t<div class=\"elementor-element elementor-element-468406b2 elementor-invisible elementor-widget elementor-widget-text-editor\" data-id=\"468406b2\" data-element_type=\"widget\" data-settings=\"{&quot;_animation&quot;:&quot;fadeIn&quot;}\" data-widget_type=\"text-editor.default\">\n\t\t\t\t<div class=\"elementor-widget-container\">\n\t\t\t\t\t\t\t\t\t<p>Nous mettons en place des outils de suivi sur-mesure pour vous offrir une vision claire et en temps r\u00e9el de vos performances.<\/p>\t\t\t\t\t\t\t\t<\/div>\n\t\t\t\t<\/div>\n\t\t\t\t<section class=\"elementor-section elementor-inner-section elementor-element elementor-element-4afe4497 elementor-section-content-middle elementor-section-boxed elementor-section-height-default elementor-section-height-default\" data-id=\"4afe4497\" data-element_type=\"section\">\n\t\t\t\t\t\t<div class=\"elementor-container elementor-column-gap-no\">\n\t\t\t\t\t<div class=\"elementor-column elementor-col-100 elementor-inner-column elementor-element elementor-element-3bd51f22\" data-id=\"3bd51f22\" data-element_type=\"column\">\n\t\t\t<div class=\"elementor-widget-wrap elementor-element-populated\">\n\t\t\t\t\t\t<div class=\"elementor-element elementor-element-3efc552d elementor-align-center elementor-widget elementor-widget-button\" data-id=\"3efc552d\" data-element_type=\"widget\" data-widget_type=\"button.default\">\n\t\t\t\t<div class=\"elementor-widget-container\">\n\t\t\t\t\t\t\t\t\t<div class=\"elementor-button-wrapper\">\n\t\t\t\t\t<a class=\"elementor-button elementor-button-link elementor-size-sm elementor-animation-grow\" href=\"https:\/\/laraume-conseils.com\/index.php\/devis\/\">\n\t\t\t\t\t\t<span class=\"elementor-button-content-wrapper\">\n\t\t\t\t\t\t\t\t\t<span class=\"elementor-button-text\">Nous contacter<\/span>\n\t\t\t\t\t<\/span>\n\t\t\t\t\t<\/a>\n\t\t\t\t<\/div>\n\t\t\t\t\t\t\t\t<\/div>\n\t\t\t\t<\/div>\n\t\t\t\t\t<\/div>\n\t\t<\/div>\n\t\t\t\t\t<\/div>\n\t\t<\/section>\n\t\t\t\t\t<\/div>\n\t\t<\/div>\n\t\t\t\t\t<\/div>\n\t\t<\/section>\n\t\t\t\t<\/div>\n\t\t","protected":false},"excerpt":{"rendered":"<p>Pilotage Financier Pilotez votre entreprise avec des indicateurs clairs Ne naviguez plus \u00e0 vue. Transformez vos donn\u00e9es comptables en tableaux de bord visuels et prenez des d\u00e9cisions \u00e9clair\u00e9es. Nous contacter pilotage financier Tableaux de bord interactifs : Visualisez vos indicateurs cl\u00e9s (CA, marges, tr\u00e9sorerie) en un coup d&rsquo;\u0153il. Suivi de tr\u00e9sorerie : Anticipez vos encaissements [&hellip;]<\/p>\n","protected":false},"author":1,"featured_media":0,"parent":0,"menu_order":0,"comment_status":"closed","ping_status":"closed","template":"","meta":{"site-sidebar-layout":"no-sidebar","site-content-layout":"page-builder","ast-site-content-layout":"full-width-container","site-content-style":"default","site-sidebar-style":"default","ast-global-header-display":"","ast-banner-title-visibility":"","ast-main-header-display":"","ast-hfb-above-header-display":"","ast-hfb-below-header-display":"","ast-hfb-mobile-header-display":"","site-post-title":"disabled","ast-breadcrumbs-content":"","ast-featured-img":"disabled","footer-sml-layout":"","theme-transparent-header-meta":"","adv-header-id-meta":"","stick-header-meta":"","header-above-stick-meta":"","header-main-stick-meta":"","header-below-stick-meta":"","astra-migrate-meta-layouts":"set","ast-page-background-enabled":"default","ast-page-background-meta":{"desktop":{"background-color":"var(--ast-global-color-4)","background-image":"","background-repeat":"repeat","background-position":"center center","background-size":"auto","background-attachment":"scroll","background-type":"","background-media":"","overlay-type":"","overlay-color":"","overlay-opacity":"","overlay-gradient":""},"tablet":{"background-color":"","background-image":"","background-repeat":"repeat","background-position":"center center","background-size":"auto","background-attachment":"scroll","background-type":"","background-media":"","overlay-type":"","overlay-color":"","overlay-opacity":"","overlay-gradient":""},"mobile":{"background-color":"","background-image":"","background-repeat":"repeat","background-position":"center center","background-size":"auto","background-attachment":"scroll","background-type":"","background-media":"","overlay-type":"","overlay-color":"","overlay-opacity":"","overlay-gradient":""}},"ast-content-background-meta":{"desktop":{"background-color":"var(--ast-global-color-5)","background-image":"","background-repeat":"repeat","background-position":"center center","background-size":"auto","background-attachment":"scroll","background-type":"","background-media":"","overlay-type":"","overlay-color":"","overlay-opacity":"","overlay-gradient":""},"tablet":{"background-color":"var(--ast-global-color-5)","background-image":"","background-repeat":"repeat","background-position":"center center","background-size":"auto","background-attachment":"scroll","background-type":"","background-media":"","overlay-type":"","overlay-color":"","overlay-opacity":"","overlay-gradient":""},"mobile":{"background-color":"var(--ast-global-color-5)","background-image":"","background-repeat":"repeat","background-position":"center center","background-size":"auto","background-attachment":"scroll","background-type":"","background-media":"","overlay-type":"","overlay-color":"","overlay-opacity":"","overlay-gradient":""}},"footnotes":""},"yoast_head":"<!-- This site is optimized with the Yoast SEO plugin v24.5 - https:\/\/yoast.com\/wordpress\/plugins\/seo\/ -->\n<title>Pilotage Financier - LARAUME CONSEILS<\/title>\n<meta name=\"robots\" content=\"index, follow, max-snippet:-1, max-image-preview:large, max-video-preview:-1\" \/>\n<link rel=\"canonical\" href=\"https:\/\/laraume-conseils.com\/index.php\/pilotage-financier\/\" \/>\n<meta property=\"og:locale\" content=\"fr_FR\" \/>\n<meta property=\"og:type\" content=\"article\" \/>\n<meta property=\"og:title\" content=\"Pilotage Financier - LARAUME CONSEILS\" \/>\n<meta property=\"og:description\" content=\"Pilotage Financier Pilotez votre entreprise avec des indicateurs clairs Ne naviguez plus \u00e0 vue. Transformez vos donn\u00e9es comptables en tableaux de bord visuels et prenez des d\u00e9cisions \u00e9clair\u00e9es. Nous contacter pilotage financier Tableaux de bord interactifs : Visualisez vos indicateurs cl\u00e9s (CA, marges, tr\u00e9sorerie) en un coup d&rsquo;\u0153il. Suivi de tr\u00e9sorerie : Anticipez vos encaissements [&hellip;]\" \/>\n<meta property=\"og:url\" content=\"https:\/\/laraume-conseils.com\/index.php\/pilotage-financier\/\" \/>\n<meta property=\"og:site_name\" content=\"LARAUME CONSEILS\" \/>\n<meta property=\"article:publisher\" content=\"https:\/\/www.facebook.com\/share\/1AUiHqih2M\/?mibextid=wwXIfr\" \/>\n<meta property=\"article:modified_time\" content=\"2026-03-13T19:21:48+00:00\" \/>\n<meta property=\"og:image\" content=\"https:\/\/laraume-conseils.com\/wp-content\/uploads\/2026\/03\/Missions-site-LC-pilotage.png\" \/>\n\t<meta property=\"og:image:width\" content=\"1024\" \/>\n\t<meta property=\"og:image:height\" content=\"1024\" \/>\n\t<meta property=\"og:image:type\" content=\"image\/png\" \/>\n<meta name=\"twitter:card\" content=\"summary_large_image\" \/>\n<meta name=\"twitter:label1\" content=\"Dur\u00e9e de lecture estim\u00e9e\" \/>\n\t<meta name=\"twitter:data1\" content=\"2 minutes\" \/>\n<script type=\"application\/ld+json\" class=\"yoast-schema-graph\">{\"@context\":\"https:\/\/schema.org\",\"@graph\":[{\"@type\":\"WebPage\",\"@id\":\"https:\/\/laraume-conseils.com\/index.php\/pilotage-financier\/\",\"url\":\"https:\/\/laraume-conseils.com\/index.php\/pilotage-financier\/\",\"name\":\"Pilotage Financier - LARAUME CONSEILS\",\"isPartOf\":{\"@id\":\"https:\/\/laraume-conseils.com\/#website\"},\"primaryImageOfPage\":{\"@id\":\"https:\/\/laraume-conseils.com\/index.php\/pilotage-financier\/#primaryimage\"},\"image\":{\"@id\":\"https:\/\/laraume-conseils.com\/index.php\/pilotage-financier\/#primaryimage\"},\"thumbnailUrl\":\"https:\/\/laraume-conseils.com\/wp-content\/uploads\/2026\/03\/Missions-site-LC-pilotage.png\",\"datePublished\":\"2026-03-13T19:10:27+00:00\",\"dateModified\":\"2026-03-13T19:21:48+00:00\",\"breadcrumb\":{\"@id\":\"https:\/\/laraume-conseils.com\/index.php\/pilotage-financier\/#breadcrumb\"},\"inLanguage\":\"fr-FR\",\"potentialAction\":[{\"@type\":\"ReadAction\",\"target\":[\"https:\/\/laraume-conseils.com\/index.php\/pilotage-financier\/\"]}]},{\"@type\":\"ImageObject\",\"inLanguage\":\"fr-FR\",\"@id\":\"https:\/\/laraume-conseils.com\/index.php\/pilotage-financier\/#primaryimage\",\"url\":\"https:\/\/laraume-conseils.com\/wp-content\/uploads\/2026\/03\/Missions-site-LC-pilotage.png\",\"contentUrl\":\"https:\/\/laraume-conseils.com\/wp-content\/uploads\/2026\/03\/Missions-site-LC-pilotage.png\",\"width\":1024,\"height\":1024},{\"@type\":\"BreadcrumbList\",\"@id\":\"https:\/\/laraume-conseils.com\/index.php\/pilotage-financier\/#breadcrumb\",\"itemListElement\":[{\"@type\":\"ListItem\",\"position\":1,\"name\":\"Accueil\",\"item\":\"https:\/\/laraume-conseils.com\/\"},{\"@type\":\"ListItem\",\"position\":2,\"name\":\"Pilotage Financier\"}]},{\"@type\":\"WebSite\",\"@id\":\"https:\/\/laraume-conseils.com\/#website\",\"url\":\"https:\/\/laraume-conseils.com\/\",\"name\":\"LARAUME CONSEILS\",\"description\":\"Cabinet d&#039;expertise comptable\",\"publisher\":{\"@id\":\"https:\/\/laraume-conseils.com\/#organization\"},\"potentialAction\":[{\"@type\":\"SearchAction\",\"target\":{\"@type\":\"EntryPoint\",\"urlTemplate\":\"https:\/\/laraume-conseils.com\/?s={search_term_string}\"},\"query-input\":{\"@type\":\"PropertyValueSpecification\",\"valueRequired\":true,\"valueName\":\"search_term_string\"}}],\"inLanguage\":\"fr-FR\"},{\"@type\":\"Organization\",\"@id\":\"https:\/\/laraume-conseils.com\/#organization\",\"name\":\"LARAUME CONSEILS\",\"url\":\"https:\/\/laraume-conseils.com\/\",\"logo\":{\"@type\":\"ImageObject\",\"inLanguage\":\"fr-FR\",\"@id\":\"https:\/\/laraume-conseils.com\/#\/schema\/logo\/image\/\",\"url\":\"https:\/\/laraume-conseils.com\/wp-content\/uploads\/2026\/03\/IMG_0981.png\",\"contentUrl\":\"https:\/\/laraume-conseils.com\/wp-content\/uploads\/2026\/03\/IMG_0981.png\",\"width\":1920,\"height\":1080,\"caption\":\"LARAUME CONSEILS\"},\"image\":{\"@id\":\"https:\/\/laraume-conseils.com\/#\/schema\/logo\/image\/\"},\"sameAs\":[\"https:\/\/www.facebook.com\/share\/1AUiHqih2M\/?mibextid=wwXIfr\",\"https:\/\/www.instagram.com\/laraumeconseils?igsh=MWQ1eTZkMm9ydHhsbw&utm_source=qr\",\"https:\/\/www.tiktok.com\/@laraume.conseils?_r=1&_t=ZN-94jtkLKqbxu\"]}]}<\/script>\n<!-- \/ Yoast SEO plugin. -->","yoast_head_json":{"title":"Pilotage Financier - LARAUME CONSEILS","robots":{"index":"index","follow":"follow","max-snippet":"max-snippet:-1","max-image-preview":"max-image-preview:large","max-video-preview":"max-video-preview:-1"},"canonical":"https:\/\/laraume-conseils.com\/index.php\/pilotage-financier\/","og_locale":"fr_FR","og_type":"article","og_title":"Pilotage Financier - LARAUME CONSEILS","og_description":"Pilotage Financier Pilotez votre entreprise avec des indicateurs clairs Ne naviguez plus \u00e0 vue. Transformez vos donn\u00e9es comptables en tableaux de bord visuels et prenez des d\u00e9cisions \u00e9clair\u00e9es. Nous contacter pilotage financier Tableaux de bord interactifs : Visualisez vos indicateurs cl\u00e9s (CA, marges, tr\u00e9sorerie) en un coup d&rsquo;\u0153il. Suivi de tr\u00e9sorerie : Anticipez vos encaissements [&hellip;]","og_url":"https:\/\/laraume-conseils.com\/index.php\/pilotage-financier\/","og_site_name":"LARAUME CONSEILS","article_publisher":"https:\/\/www.facebook.com\/share\/1AUiHqih2M\/?mibextid=wwXIfr","article_modified_time":"2026-03-13T19:21:48+00:00","og_image":[{"width":1024,"height":1024,"url":"https:\/\/laraume-conseils.com\/wp-content\/uploads\/2026\/03\/Missions-site-LC-pilotage.png","type":"image\/png"}],"twitter_card":"summary_large_image","twitter_misc":{"Dur\u00e9e de lecture estim\u00e9e":"2 minutes"},"schema":{"@context":"https:\/\/schema.org","@graph":[{"@type":"WebPage","@id":"https:\/\/laraume-conseils.com\/index.php\/pilotage-financier\/","url":"https:\/\/laraume-conseils.com\/index.php\/pilotage-financier\/","name":"Pilotage Financier - LARAUME CONSEILS","isPartOf":{"@id":"https:\/\/laraume-conseils.com\/#website"},"primaryImageOfPage":{"@id":"https:\/\/laraume-conseils.com\/index.php\/pilotage-financier\/#primaryimage"},"image":{"@id":"https:\/\/laraume-conseils.com\/index.php\/pilotage-financier\/#primaryimage"},"thumbnailUrl":"https:\/\/laraume-conseils.com\/wp-content\/uploads\/2026\/03\/Missions-site-LC-pilotage.png","datePublished":"2026-03-13T19:10:27+00:00","dateModified":"2026-03-13T19:21:48+00:00","breadcrumb":{"@id":"https:\/\/laraume-conseils.com\/index.php\/pilotage-financier\/#breadcrumb"},"inLanguage":"fr-FR","potentialAction":[{"@type":"ReadAction","target":["https:\/\/laraume-conseils.com\/index.php\/pilotage-financier\/"]}]},{"@type":"ImageObject","inLanguage":"fr-FR","@id":"https:\/\/laraume-conseils.com\/index.php\/pilotage-financier\/#primaryimage","url":"https:\/\/laraume-conseils.com\/wp-content\/uploads\/2026\/03\/Missions-site-LC-pilotage.png","contentUrl":"https:\/\/laraume-conseils.com\/wp-content\/uploads\/2026\/03\/Missions-site-LC-pilotage.png","width":1024,"height":1024},{"@type":"BreadcrumbList","@id":"https:\/\/laraume-conseils.com\/index.php\/pilotage-financier\/#breadcrumb","itemListElement":[{"@type":"ListItem","position":1,"name":"Accueil","item":"https:\/\/laraume-conseils.com\/"},{"@type":"ListItem","position":2,"name":"Pilotage Financier"}]},{"@type":"WebSite","@id":"https:\/\/laraume-conseils.com\/#website","url":"https:\/\/laraume-conseils.com\/","name":"LARAUME CONSEILS","description":"Cabinet d&#039;expertise comptable","publisher":{"@id":"https:\/\/laraume-conseils.com\/#organization"},"potentialAction":[{"@type":"SearchAction","target":{"@type":"EntryPoint","urlTemplate":"https:\/\/laraume-conseils.com\/?s={search_term_string}"},"query-input":{"@type":"PropertyValueSpecification","valueRequired":true,"valueName":"search_term_string"}}],"inLanguage":"fr-FR"},{"@type":"Organization","@id":"https:\/\/laraume-conseils.com\/#organization","name":"LARAUME CONSEILS","url":"https:\/\/laraume-conseils.com\/","logo":{"@type":"ImageObject","inLanguage":"fr-FR","@id":"https:\/\/laraume-conseils.com\/#\/schema\/logo\/image\/","url":"https:\/\/laraume-conseils.com\/wp-content\/uploads\/2026\/03\/IMG_0981.png","contentUrl":"https:\/\/laraume-conseils.com\/wp-content\/uploads\/2026\/03\/IMG_0981.png","width":1920,"height":1080,"caption":"LARAUME CONSEILS"},"image":{"@id":"https:\/\/laraume-conseils.com\/#\/schema\/logo\/image\/"},"sameAs":["https:\/\/www.facebook.com\/share\/1AUiHqih2M\/?mibextid=wwXIfr","https:\/\/www.instagram.com\/laraumeconseils?igsh=MWQ1eTZkMm9ydHhsbw&utm_source=qr","https:\/\/www.tiktok.com\/@laraume.conseils?_r=1&_t=ZN-94jtkLKqbxu"]}]}},"jetpack_sharing_enabled":true,"_links":{"self":[{"href":"https:\/\/laraume-conseils.com\/index.php\/wp-json\/wp\/v2\/pages\/1216"}],"collection":[{"href":"https:\/\/laraume-conseils.com\/index.php\/wp-json\/wp\/v2\/pages"}],"about":[{"href":"https:\/\/laraume-conseils.com\/index.php\/wp-json\/wp\/v2\/types\/page"}],"author":[{"embeddable":true,"href":"https:\/\/laraume-conseils.com\/index.php\/wp-json\/wp\/v2\/users\/1"}],"replies":[{"embeddable":true,"href":"https:\/\/laraume-conseils.com\/index.php\/wp-json\/wp\/v2\/comments?post=1216"}],"version-history":[{"count":7,"href":"https:\/\/laraume-conseils.com\/index.php\/wp-json\/wp\/v2\/pages\/1216\/revisions"}],"predecessor-version":[{"id":1225,"href":"https:\/\/laraume-conseils.com\/index.php\/wp-json\/wp\/v2\/pages\/1216\/revisions\/1225"}],"wp:attachment":[{"href":"https:\/\/laraume-conseils.com\/index.php\/wp-json\/wp\/v2\/media?parent=1216"}],"curies":[{"name":"wp","href":"https:\/\/api.w.org\/{rel}","templated":true}]}}